{"id":1567,"date":"2026-01-28T15:54:36","date_gmt":"2026-01-28T14:54:36","guid":{"rendered":"https:\/\/www.credel.fr\/?page_id=1567"},"modified":"2026-01-28T16:16:54","modified_gmt":"2026-01-28T15:16:54","slug":"job-support","status":"publish","type":"page","link":"https:\/\/www.credel.fr\/?page_id=1567","title":{"rendered":"Job Support"},"content":{"rendered":"<ul>\n<li>\n        <a href=\"\/\">Accueil<\/a>\n    <\/li>\n<li>\n        <a href=\"\/?page_id=3\">Carri\u00e8res<\/a>\n    <\/li>\n<li>\n        <a href=\"\/?page_id=1567\">Recrutement Support<\/a>\n    <\/li>\n<\/ul>\n<p><p>\n        <a href=\"\/index.php?page_id=3\">Carri\u00e8re<\/a>\n    <\/p>\n<\/p>\n<h1>Charg\u00e9\u00b7e de support applicatif H\/F<\/h1>\n<div>\n<p><strong>\u00c9diteur de progiciel dans l\u2019univers de la logistique depuis plus de 20 ans souhaitant d\u00e9velopper son \u00e9quipe technique, recrute une personne au support.<\/strong><\/p>\n<\/div>\n<p><p>\n        <a href=\"mailto:contact@credel.fr\">Postuler<\/a>\n    <\/p>\n<\/p>\n<ul>\n<li>\n<div>Tours, France<\/div>\n<p>Situation G\u00e9ographique<\/p>\n<\/li>\n<li>\n<div>CDi &#8211; 39 heures<\/div>\n<p>Dur\u00e9e de travail<\/p>\n<\/li>\n<li>\n<div>Au moins 4 ans d&rsquo;exp\u00e9rience.<\/div>\n<p>Niveau requis<\/p>\n<\/li>\n<\/ul>\n<p><img decoding=\"async\" src=\"\/wp-content\/uploads\/yootheme\/background-square-02.png\" alt=\"\"><br \/>\n<img decoding=\"async\" src=\"\/wp-content\/uploads\/yootheme\/background-square-04.png\" alt=\"\"><br \/>\n<img decoding=\"async\" src=\"\/wp-content\/uploads\/yootheme\/background-square-05.png\" alt=\"\"><\/p>\n<h2>Description<\/h2>\n<div>\n<p><span>Vous interviendrez sur les \u00e9volutions de diff\u00e9rentes solutions ainsi que le d\u00e9veloppement de nouvelles fonctionnalit\u00e9s. Vous serez \u00e9galement form\u00e9\u00b7e \u00e0 de nouveaux langages web.<\/span><\/p>\n<\/div>\n<h2>Qualifications<\/h2>\n<div>\n<p data-start=\"225\" data-end=\"568\">Chez <strong data-start=\"342\" data-end=\"352\">CREDEL<\/strong>, nous d\u00e9veloppons et maintenons des solutions logicielles d\u00e9di\u00e9es aux <strong data-start=\"423\" data-end=\"447\">garages poids lourds<\/strong>. Pour accompagner nos clients au quotidien, nous renfor\u00e7ons notre \u00e9quipe avec un\u00b7e <strong data-start=\"531\" data-end=\"565\">Charg\u00e9\u00b7e de support applicatif<\/strong>.<\/p>\n<h3 data-start=\"570\" data-end=\"591\">\ud83d\udd27 Vos missions<\/h3>\n<ul data-start=\"592\" data-end=\"993\">\n<li data-start=\"592\" data-end=\"660\">\n<p data-start=\"594\" data-end=\"660\">Assurer le <strong data-start=\"605\" data-end=\"629\">support utilisateurs<\/strong> sur nos applications m\u00e9tiers<\/p>\n<\/li>\n<li data-start=\"661\" data-end=\"728\">\n<p data-start=\"663\" data-end=\"728\">Analyser les demandes et incidents (fonctionnels et techniques)<\/p>\n<\/li>\n<li data-start=\"729\" data-end=\"786\">\n<p data-start=\"731\" data-end=\"786\">Diagnostiquer les anomalies et proposer des solutions<\/p>\n<\/li>\n<li data-start=\"787\" data-end=\"852\">\n<p data-start=\"789\" data-end=\"852\">Accompagner les utilisateurs dans la prise en main des outils<\/p>\n<\/li>\n<li data-start=\"853\" data-end=\"918\">\n<p data-start=\"855\" data-end=\"918\">Escalader les incidents complexes vers l\u2019\u00e9quipe d\u00e9veloppement<\/p>\n<\/li>\n<li data-start=\"919\" data-end=\"993\">\n<p data-start=\"921\" data-end=\"993\">Participer \u00e0 l\u2019am\u00e9lioration continue des outils et de la documentation<\/p>\n<\/li>\n<\/ul>\n<h3 data-start=\"995\" data-end=\"1016\">\ud83d\udc64 Votre profil<\/h3>\n<ul data-start=\"1017\" data-end=\"1313\">\n<li data-start=\"1017\" data-end=\"1072\">\n<p data-start=\"1019\" data-end=\"1072\">Formation en informatique ou exp\u00e9rience \u00e9quivalente<\/p>\n<\/li>\n<li data-start=\"1073\" data-end=\"1140\">\n<p data-start=\"1075\" data-end=\"1140\">\u00c0 l\u2019aise avec les outils informatiques et les logiciels m\u00e9tiers<\/p>\n<\/li>\n<li data-start=\"1141\" data-end=\"1190\">\n<p data-start=\"1143\" data-end=\"1190\">Bon relationnel, sens du service et p\u00e9dagogie<\/p>\n<\/li>\n<li data-start=\"1191\" data-end=\"1235\">\n<p data-start=\"1193\" data-end=\"1235\">Capacit\u00e9 d\u2019analyse, rigueur et autonomie<\/p>\n<\/li>\n<li data-start=\"1236\" data-end=\"1313\">\n<p data-start=\"1238\" data-end=\"1313\">Une connaissance du monde de la maintenance ou du poids lourd est un plus<\/p>\n<\/li>\n<\/ul>\n<h3 data-start=\"1315\" data-end=\"1345\">\ud83d\udcbc Ce que nous proposons<\/h3>\n<ul data-start=\"1346\" data-end=\"1528\">\n<li data-start=\"1346\" data-end=\"1357\">\n<p data-start=\"1348\" data-end=\"1357\"><strong data-start=\"1348\" data-end=\"1355\">CDI<\/strong><\/p>\n<\/li>\n<li data-start=\"1358\" data-end=\"1402\">\n<p data-start=\"1360\" data-end=\"1402\">Un poste cl\u00e9 au contact des utilisateurs<\/p>\n<\/li>\n<li data-start=\"1403\" data-end=\"1464\">\n<p data-start=\"1405\" data-end=\"1464\">Des solutions concr\u00e8tes, utiles et en constante \u00e9volution<\/p>\n<\/li>\n<li data-start=\"1465\" data-end=\"1528\">\n<p data-start=\"1467\" data-end=\"1528\">Une \u00e9quipe \u00e0 taille humaine, collaborative et bienveillante<\/p>\n<\/li>\n<\/ul>\n<p data-start=\"1530\" data-end=\"1608\">\n<p data-start=\"1249\" data-end=\"1343\">\ud83d\udccd Poste bas\u00e9 \u00e0 Tours (37)<strong data-start=\"1326\" data-end=\"1343\"><\/strong><\/p>\n<\/div>\n<p><img decoding=\"async\" src=\"\/wp-content\/uploads\/yootheme\/background-square-03.png\" alt=\"\"><\/p>\n<div>\n<p>        <img decoding=\"async\" src=\"\/wp-content\/uploads\/2023\/01\/20230125_173605-scaled.jpg\" alt=\"\"><\/p>\n<h3>S\u00e9bastien<\/h3>\n<div>\n<p>Responsable Support chez CREDEL.<\/p>\n<\/div>\n<\/div>\n<p><p>\n        <a href=\"mailto:contact@credel.fr\">Postulez<\/a>\n    <\/p>\n<\/p>\n<hr>\n<p><!--more--><br \/>\n<!-- {\"type\":\"layout\",\"children\":[{\"type\":\"section\",\"props\":{\"animation\":\"slide-bottom-medium\",\"animation_delay\":\"100\",\"header_transparent\":true,\"header_transparent_text_color\":\"dark\",\"image_position\":\"center-center\",\"padding_bottom\":\"none\",\"padding_top\":\"large\",\"style\":\"default\",\"title_breakpoint\":\"xl\",\"title_position\":\"top-left\",\"title_rotation\":\"left\",\"vertical_align\":\"\",\"width\":\"small\"},\"children\":[{\"type\":\"row\",\"children\":[{\"type\":\"column\",\"props\":{\"image_position\":\"center-center\",\"position_sticky_breakpoint\":\"m\"},\"children\":[{\"type\":\"breadcrumbs\",\"props\":{\"home_text\":\"Accueil\",\"show_current\":true,\"show_home\":true,\"status\":\"disabled\"}},{\"type\":\"subnav\",\"props\":{\"show_image\":true,\"text_align\":\"left\"},\"children\":[{\"type\":\"subnav_item\",\"props\":{\"content\":\"Accueil\",\"link\":\".\/\"}},{\"type\":\"subnav_item\",\"props\":{\"content\":\"Carri\u00e8res\",\"link\":\"?page_id=3\"}},{\"type\":\"subnav_item\",\"props\":{\"content\":\"Recrutement Support\",\"link\":\"?page_id=1567\"}}]},{\"type\":\"button\",\"props\":{\"grid_column_gap\":\"small\",\"grid_row_gap\":\"small\",\"margin_bottom\":\"default\",\"margin_top\":\"default\",\"position\":\"relative\",\"position_z_index\":\"1\",\"text_align\":\"center\"},\"children\":[{\"type\":\"button_item\",\"props\":{\"button_style\":\"\",\"content\":\"Carri\u00e8re\",\"dialog_layout\":\"modal\",\"dialog_offcanvas_flip\":true,\"icon_align\":\"left\",\"link\":\"index.php?page_id=3\"}}]},{\"type\":\"headline\",\"props\":{\"content\":\"Charg\u00e9\u00b7e de support applicatif H\/F\",\"image_align\":\"left\",\"image_margin\":\"xsmall\",\"margin_bottom\":\"remove\",\"margin_top\":\"default\",\"position\":\"relative\",\"position_z_index\":\"1\",\"text_align\":\"center\",\"title_element\":\"h1\",\"title_style\":\"heading-small\"}},{\"type\":\"text\",\"props\":{\"block_align\":\"center\",\"column_breakpoint\":\"m\",\"content\":\"\n\n<p><strong>\u00c9diteur de progiciel dans l\u2019univers de la logistique depuis plus de 20 ans souhaitant d\u00e9velopper son \u00e9quipe technique, recrute une personne au support.<\/strong><\/p>\n\n\",\"margin_bottom\":\"remove\",\"margin_top\":\"default\",\"maxwidth\":\"xlarge\",\"position\":\"relative\",\"position_z_index\":\"1\",\"text_align\":\"center\",\"text_style\":\"lead\"}},{\"type\":\"button\",\"props\":{\"grid_column_gap\":\"small\",\"grid_row_gap\":\"small\",\"margin_bottom\":\"remove\",\"margin_top\":\"medium\",\"position\":\"relative\",\"position_z_index\":\"1\",\"text_align\":\"center\"},\"children\":[{\"type\":\"button_item\",\"props\":{\"button_style\":\"primary\",\"content\":\"Postuler\",\"dialog_layout\":\"modal\",\"dialog_offcanvas_flip\":true,\"icon_align\":\"left\",\"link\":\"mailto:contact@credel.fr\"}}]},{\"type\":\"grid\",\"props\":{\"content_column_breakpoint\":\"m\",\"filter_align\":\"left\",\"filter_all\":true,\"filter_grid_breakpoint\":\"m\",\"filter_grid_width\":\"auto\",\"filter_position\":\"top\",\"filter_style\":\"tab\",\"grid_column_gap\":\"medium\",\"grid_default\":\"1\",\"grid_medium\":\"\",\"grid_row_gap\":\"medium\",\"grid_small\":\"3\",\"image_align\":\"top\",\"image_grid_breakpoint\":\"m\",\"image_grid_width\":\"1-2\",\"image_svg_color\":\"emphasis\",\"item_animation\":true,\"lightbox_bg_close\":true,\"link_style\":\"default\",\"link_text\":\"Read more\",\"margin_bottom\":\"remove\",\"margin_top\":\"large\",\"meta_align\":\"above-title\",\"meta_color\":\"muted\",\"meta_element\":\"div\",\"meta_style\":\"\",\"panel_padding\":\"default\",\"panel_style\":\"card-default\",\"parallax_easing\":\"1\",\"show_content\":true,\"show_hover_image\":true,\"show_hover_video\":true,\"show_image\":true,\"show_link\":true,\"show_meta\":true,\"show_title\":true,\"show_video\":true,\"text_align\":\"center\",\"title_align\":\"top\",\"title_element\":\"div\",\"title_grid_breakpoint\":\"m\",\"title_grid_width\":\"1-2\",\"title_hover_style\":\"reset\",\"title_margin\":\"small\",\"title_style\":\"h5\"},\"children\":[{\"type\":\"grid_item\",\"props\":{\"meta\":\"Situation G\u00e9ographique\",\"title\":\"Tours, France\"}},{\"type\":\"grid_item\",\"props\":{\"meta\":\"Dur\u00e9e de travail\",\"title\":\"CDi - 39 heures\"}},{\"type\":\"grid_item\",\"props\":{\"meta\":\"Niveau requis\",\"title\":\"Au moins 4 ans d'exp\u00e9rience.\"}}]},{\"type\":\"image\",\"props\":{\"image\":\"wp-content\/uploads\/yootheme\/background-square-02.png\",\"image_svg_color\":\"emphasis\",\"image_width\":\"700\",\"margin_bottom\":\"default\",\"margin_top\":\"default\",\"position\":\"absolute\",\"position_left\":\"-35vw\",\"position_top\":\"-8vh\",\"position_z_index\":\"0\",\"visibility\":\"xl\"}},{\"type\":\"image\",\"props\":{\"image\":\"wp-content\/uploads\/yootheme\/background-square-04.png\",\"image_svg_color\":\"emphasis\",\"image_width\":\"950\",\"margin_bottom\":\"default\",\"margin_top\":\"default\",\"position\":\"absolute\",\"position_left\":\"60vw\",\"position_top\":\"-27vh\",\"position_z_index\":\"0\",\"visibility\":\"xl\"}},{\"type\":\"image\",\"props\":{\"image\":\"wp-content\/uploads\/yootheme\/background-square-05.png\",\"image_svg_color\":\"emphasis\",\"image_width\":\"600\",\"margin_bottom\":\"default\",\"margin_top\":\"default\",\"position\":\"absolute\",\"position_left\":\"43vw\",\"position_top\":\"-45vh\",\"position_z_index\":\"0\",\"visibility\":\"xl\"}}]}]}],\"modified\":\"2021-01-06T11:46:05.180Z\",\"name\":\"Hero\"},{\"type\":\"section\",\"props\":{\"animation\":\"fade\",\"animation_delay\":\"200\",\"image_position\":\"center-center\",\"padding_bottom\":\"none\",\"padding_top\":\"large\",\"style\":\"default\",\"title_breakpoint\":\"xl\",\"title_position\":\"top-left\",\"title_rotation\":\"left\",\"vertical_align\":\"\",\"width\":\"xsmall\"},\"children\":[{\"type\":\"row\",\"children\":[{\"type\":\"column\",\"props\":{\"image_position\":\"center-center\",\"position_sticky_breakpoint\":\"m\"},\"children\":[{\"type\":\"headline\",\"props\":{\"animation\":\"none\",\"content\":\"Description\",\"image_align\":\"left\",\"image_margin\":\"xsmall\",\"margin_bottom\":\"medium\",\"margin_top\":\"medium\",\"position\":\"relative\",\"position_z_index\":\"1\",\"title_element\":\"h2\"}},{\"type\":\"text\",\"props\":{\"animation\":\"none\",\"column_breakpoint\":\"m\",\"content\":\"\n\n<p><span>Vous interviendrez sur les \u00e9volutions de diff\u00e9rentes solutions ainsi que le d\u00e9veloppement de nouvelles fonctionnalit\u00e9s. Vous serez \u00e9galement form\u00e9\u00b7e \u00e0 de nouveaux langages web.<\/span><\/p>\n\n\",\"margin_bottom\":\"default\",\"margin_top\":\"default\",\"position\":\"relative\",\"position_z_index\":\"1\"}},{\"type\":\"headline\",\"props\":{\"animation\":\"none\",\"content\":\"Responsibilities\",\"image_align\":\"left\",\"image_margin\":\"xsmall\",\"margin_bottom\":\"remove\",\"margin_top\":\"large\",\"position\":\"relative\",\"position_z_index\":\"1\",\"status\":\"disabled\",\"title_element\":\"h2\",\"title_style\":\"h3\"}},{\"type\":\"list\",\"props\":{\"animation\":\"none\",\"column_breakpoint\":\"m\",\"image_align\":\"left\",\"image_svg_color\":\"emphasis\",\"image_vertical_align\":true,\"list_element\":\"ul\",\"list_horizontal_separator\":\", \",\"list_marker\":\"disc\",\"list_marker_color\":\"primary\",\"list_type\":\"vertical\",\"position\":\"relative\",\"position_z_index\":\"1\",\"show_image\":true,\"show_link\":true,\"status\":\"disabled\"},\"children\":[{\"type\":\"list_item\",\"props\":{\"content\":\"Lorem ipsum dolor sit amet consectetur adipiscing\"}},{\"type\":\"list_item\",\"props\":{\"content\":\"Eget gravida cum sociis natoque penatibus\"}},{\"type\":\"list_item\",\"props\":{\"content\":\"Dictum fusce ut placerat orci nulla pellentesque\"}},{\"type\":\"list_item\",\"props\":{\"content\":\"Vitae purus faucibus ornare suspendisse\"}},{\"type\":\"list_item\",\"props\":{\"content\":\"Mauris pharetra et ultrices neque ornare aenean\"}},{\"type\":\"list_item\",\"props\":{\"content\":\"Risus viverra adipiscing at in tellus integer\"}}]},{\"type\":\"headline\",\"props\":{\"animation\":\"none\",\"content\":\"Qualifications\",\"image_align\":\"left\",\"image_margin\":\"xsmall\",\"margin_bottom\":\"remove\",\"margin_top\":\"large\",\"position\":\"relative\",\"position_z_index\":\"1\",\"title_element\":\"h2\",\"title_style\":\"h3\"}},{\"type\":\"text\",\"props\":{\"column_breakpoint\":\"m\",\"content\":\"\n\n<p data-start=\\\"225\\\" data-end=\\\"568\\\">Chez <strong data-start=\\\"342\\\" data-end=\\\"352\\\">CREDEL<\/strong>, nous d\u00e9veloppons et maintenons des solutions logicielles d\u00e9di\u00e9es aux <strong data-start=\\\"423\\\" data-end=\\\"447\\\">garages poids lourds<\/strong>. Pour accompagner nos clients au quotidien, nous renfor\u00e7ons notre \u00e9quipe avec un\u00b7e <strong data-start=\\\"531\\\" data-end=\\\"565\\\">Charg\u00e9\u00b7e de support applicatif<\/strong>.<\/p>\n\n\\n\n\n<h3 data-start=\\\"570\\\" data-end=\\\"591\\\">\ud83d\udd27 Vos missions<\/h3>\n\n\\n\n\n<ul data-start=\\\"592\\\" data-end=\\\"993\\\">\\n\n\n<li data-start=\\\"592\\\" data-end=\\\"660\\\">\\n\n\n<p data-start=\\\"594\\\" data-end=\\\"660\\\">Assurer le <strong data-start=\\\"605\\\" data-end=\\\"629\\\">support utilisateurs<\/strong> sur nos applications m\u00e9tiers<\/p>\n\n\\n<\/li>\n\n\\n\n\n<li data-start=\\\"661\\\" data-end=\\\"728\\\">\\n\n\n<p data-start=\\\"663\\\" data-end=\\\"728\\\">Analyser les demandes et incidents (fonctionnels et techniques)<\/p>\n\n\\n<\/li>\n\n\\n\n\n<li data-start=\\\"729\\\" data-end=\\\"786\\\">\\n\n\n<p data-start=\\\"731\\\" data-end=\\\"786\\\">Diagnostiquer les anomalies et proposer des solutions<\/p>\n\n\\n<\/li>\n\n\\n\n\n<li data-start=\\\"787\\\" data-end=\\\"852\\\">\\n\n\n<p data-start=\\\"789\\\" data-end=\\\"852\\\">Accompagner les utilisateurs dans la prise en main des outils<\/p>\n\n\\n<\/li>\n\n\\n\n\n<li data-start=\\\"853\\\" data-end=\\\"918\\\">\\n\n\n<p data-start=\\\"855\\\" data-end=\\\"918\\\">Escalader les incidents complexes vers l\u2019\u00e9quipe d\u00e9veloppement<\/p>\n\n\\n<\/li>\n\n\\n\n\n<li data-start=\\\"919\\\" data-end=\\\"993\\\">\\n\n\n<p data-start=\\\"921\\\" data-end=\\\"993\\\">Participer \u00e0 l\u2019am\u00e9lioration continue des outils et de la documentation<\/p>\n\n\\n<\/li>\n\n\\n<\/ul>\n\n\\n\n\n<h3 data-start=\\\"995\\\" data-end=\\\"1016\\\">\ud83d\udc64 Votre profil<\/h3>\n\n\\n\n\n<ul data-start=\\\"1017\\\" data-end=\\\"1313\\\">\\n\n\n<li data-start=\\\"1017\\\" data-end=\\\"1072\\\">\\n\n\n<p data-start=\\\"1019\\\" data-end=\\\"1072\\\">Formation en informatique ou exp\u00e9rience \u00e9quivalente<\/p>\n\n\\n<\/li>\n\n\\n\n\n<li data-start=\\\"1073\\\" data-end=\\\"1140\\\">\\n\n\n<p data-start=\\\"1075\\\" data-end=\\\"1140\\\">\u00c0 l\u2019aise avec les outils informatiques et les logiciels m\u00e9tiers<\/p>\n\n\\n<\/li>\n\n\\n\n\n<li data-start=\\\"1141\\\" data-end=\\\"1190\\\">\\n\n\n<p data-start=\\\"1143\\\" data-end=\\\"1190\\\">Bon relationnel, sens du service et p\u00e9dagogie<\/p>\n\n\\n<\/li>\n\n\\n\n\n<li data-start=\\\"1191\\\" data-end=\\\"1235\\\">\\n\n\n<p data-start=\\\"1193\\\" data-end=\\\"1235\\\">Capacit\u00e9 d\u2019analyse, rigueur et autonomie<\/p>\n\n\\n<\/li>\n\n\\n\n\n<li data-start=\\\"1236\\\" data-end=\\\"1313\\\">\\n\n\n<p data-start=\\\"1238\\\" data-end=\\\"1313\\\">Une connaissance du monde de la maintenance ou du poids lourd est un plus<\/p>\n\n\\n<\/li>\n\n\\n<\/ul>\n\n\\n\n\n<h3 data-start=\\\"1315\\\" data-end=\\\"1345\\\">\ud83d\udcbc Ce que nous proposons<\/h3>\n\n\\n\n\n<ul data-start=\\\"1346\\\" data-end=\\\"1528\\\">\\n\n\n<li data-start=\\\"1346\\\" data-end=\\\"1357\\\">\\n\n\n<p data-start=\\\"1348\\\" data-end=\\\"1357\\\"><strong data-start=\\\"1348\\\" data-end=\\\"1355\\\">CDI<\/strong><\/p>\n\n\\n<\/li>\n\n\\n\n\n<li data-start=\\\"1358\\\" data-end=\\\"1402\\\">\\n\n\n<p data-start=\\\"1360\\\" data-end=\\\"1402\\\">Un poste cl\u00e9 au contact des utilisateurs<\/p>\n\n\\n<\/li>\n\n\\n\n\n<li data-start=\\\"1403\\\" data-end=\\\"1464\\\">\\n\n\n<p data-start=\\\"1405\\\" data-end=\\\"1464\\\">Des solutions concr\u00e8tes, utiles et en constante \u00e9volution<\/p>\n\n\\n<\/li>\n\n\\n\n\n<li data-start=\\\"1465\\\" data-end=\\\"1528\\\">\\n\n\n<p data-start=\\\"1467\\\" data-end=\\\"1528\\\">Une \u00e9quipe \u00e0 taille humaine, collaborative et bienveillante<\/p>\n\n\\n<\/li>\n\n\\n<\/ul>\n\n\\n\n\n<p data-start=\\\"1530\\\" data-end=\\\"1608\\\">\n\n\\n\n\n<p data-start=\\\"1249\\\" data-end=\\\"1343\\\">\ud83d\udccd Poste bas\u00e9 \u00e0 Tours (37)<strong data-start=\\\"1326\\\" data-end=\\\"1343\\\"><\/strong><\/p>\n\n\",\"margin_bottom\":\"default\",\"margin_top\":\"default\"}},{\"type\":\"list\",\"props\":{\"animation\":\"none\",\"column_breakpoint\":\"m\",\"image_align\":\"left\",\"image_svg_color\":\"emphasis\",\"image_vertical_align\":true,\"list_element\":\"ul\",\"list_horizontal_separator\":\", \",\"list_marker\":\"disc\",\"list_marker_color\":\"primary\",\"list_type\":\"vertical\",\"position\":\"relative\",\"position_z_index\":\"1\",\"show_image\":true,\"show_link\":true,\"status\":\"disabled\"},\"children\":[{\"type\":\"list_item\",\"props\":{\"content\":\"\n\n<p><span>WinDev \/ WebDev \/ WinDev Mobile<\/span><\/p>\n\n\"}},{\"type\":\"list_item\",\"props\":{\"content\":\"\n\n<p><span>Genero et Genero Mobile.<\/span><\/p>\n\n\"}},{\"type\":\"list_item\",\"props\":{\"content\":\"\n\n<p><span>Java \/ Javascript \/ CSS \/ PHP 5 \/ HTML \/ VBA \/ Webservices \/ API Connaissance C\/C++ , Gestion bases de donn\u00e9es (PostgreSQL, Informix, MySQL).<\/span><\/p>\n\n\"}},{\"type\":\"list_item\",\"props\":{\"content\":\"\n\n<p><span>Syst\u00e8me d\u2019exploitation : Linux, RedHat Entreprise<\/span><\/p>\n\n\"}},{\"type\":\"list_item\",\"props\":{\"content\":\"Morbi tristique senectus et netus et\",\"status\":\"disabled\"}},{\"type\":\"list_item\",\"props\":{\"content\":\"Dignissim sodales ut eu sem integer vitae justo eget\",\"status\":\"disabled\"}}]},{\"type\":\"headline\",\"props\":{\"animation\":\"none\",\"content\":\"Bonus Qualifications\",\"image_align\":\"left\",\"image_margin\":\"xsmall\",\"margin_bottom\":\"remove\",\"margin_top\":\"large\",\"position\":\"relative\",\"position_z_index\":\"1\",\"status\":\"disabled\",\"title_element\":\"h2\",\"title_style\":\"h3\"}},{\"type\":\"text\",\"props\":{\"animation\":\"none\",\"column_breakpoint\":\"m\",\"content\":\"Lorem ipsum dolor sit amet, consetetur sadipscing elitr, sed diam nonumy eirmod tempor invidunt ut labore et dolore magna aliquyam erat, sed diam voluptua. At vero eos et accusam. \",\"margin_bottom\":\"default\",\"margin_top\":\"default\",\"position\":\"relative\",\"position_z_index\":\"1\",\"status\":\"disabled\"}},{\"type\":\"image\",\"props\":{\"image\":\"wp-content\/uploads\/yootheme\/background-square-03.png\",\"image_svg_color\":\"emphasis\",\"image_width\":\"900\",\"margin_bottom\":\"default\",\"margin_top\":\"default\",\"position\":\"absolute\",\"position_left\":\"48vw\",\"position_top\":\"20vh\",\"position_z_index\":\"0\",\"visibility\":\"l\"}}]}]}],\"name\":\"Job Description\"},{\"type\":\"section\",\"props\":{\"image_position\":\"center-center\",\"padding_bottom\":\"none\",\"style\":\"default\",\"title_breakpoint\":\"xl\",\"title_position\":\"top-left\",\"title_rotation\":\"left\",\"vertical_align\":\"\",\"width\":\"large\"},\"children\":[{\"type\":\"row\",\"props\":{\"layout\":\"1-2,1-2\",\"width\":\"xsmall\"},\"children\":[{\"type\":\"column\",\"props\":{\"image_position\":\"center-center\",\"position_sticky_breakpoint\":\"m\",\"vertical_align\":\"middle\",\"width_default\":\"expand\"},\"children\":[{\"type\":\"panel\",\"props\":{\"content\":\"\n\n<p>Responsable Support chez CREDEL.<\/p>\n\n\",\"content_column_breakpoint\":\"m\",\"content_margin\":\"small\",\"image\":\"wp-content\/uploads\/2023\/01\/20230125_173605-scaled.jpg\",\"image_align\":\"left\",\"image_border\":\"circle\",\"image_grid_breakpoint\":\"s\",\"image_grid_width\":\"auto\",\"image_height\":100,\"image_loading\":false,\"image_svg_color\":\"emphasis\",\"image_width\":100,\"link_margin\":\"medium\",\"link_style\":\"primary\",\"link_text\":\"\",\"margin_bottom\":\"default\",\"margin_top\":\"default\",\"meta_align\":\"below-title\",\"meta_element\":\"div\",\"meta_style\":\"text-meta\",\"text_align\":\"left\",\"text_align_breakpoint\":\"s\",\"text_align_fallback\":\"center\",\"title\":\"S\u00e9bastien\",\"title_align\":\"top\",\"title_element\":\"h3\",\"title_grid_breakpoint\":\"m\",\"title_grid_width\":\"1-2\",\"title_hover_style\":\"reset\"}}]},{\"type\":\"column\",\"props\":{\"image_position\":\"center-center\",\"position_sticky_breakpoint\":\"m\",\"vertical_align\":\"middle\",\"width_small\":\"auto\"},\"children\":[{\"type\":\"button\",\"props\":{\"grid_column_gap\":\"small\",\"grid_row_gap\":\"small\",\"margin_bottom\":\"default\",\"margin_top\":\"default\",\"text_align\":\"left\",\"text_align_breakpoint\":\"m\",\"text_align_fallback\":\"center\"},\"children\":[{\"type\":\"button_item\",\"props\":{\"button_style\":\"default\",\"content\":\"Postulez\",\"dialog_layout\":\"modal\",\"dialog_offcanvas_flip\":true,\"icon_align\":\"left\",\"link\":\"mailto:contact@credel.fr\",\"link_title\":\"Candidature Charg\u00e9\u00b7e de support applicatif\"}}]}]}]},{\"type\":\"row\",\"children\":[{\"type\":\"column\",\"props\":{\"image_position\":\"center-center\",\"position_sticky_breakpoint\":\"m\"},\"children\":[{\"type\":\"divider\",\"props\":{\"divider_element\":\"hr\"}},{\"type\":\"totop\",\"props\":{\"margin_bottom\":\"default\",\"margin_top\":\"default\",\"text_align\":\"right\",\"title_grid_column_gap\":\"small\",\"title_grid_row_gap\":\"small\"}},{\"type\":\"pagination\",\"props\":{\"pagination_space_between\":false,\"pagination_type\":\"previous\/next\",\"text_align\":\"center\"}}]}],\"props\":{\"margin_bottom\":\"remove\",\"margin_top\":\"large\"}}],\"name\":\"Contact\"}],\"version\":\"5.0.7\"} --><\/p>\n","protected":false},"excerpt":{"rendered":"<p>Accueil Carri\u00e8res Recrutement Support Carri\u00e8re Charg\u00e9\u00b7e de support applicatif H\/F \u00c9diteur de progiciel dans l\u2019univers de la logistique depuis plus de 20 ans souhaitant d\u00e9velopper son \u00e9quipe technique, recrute une personne au support. Postuler Tours, France Situation G\u00e9ographique CDi &#8211; 39 heures Dur\u00e9e de travail Au moins 4 ans d&rsquo;exp\u00e9rience. Niveau requis Description Vous interviendrez [&hellip;]<\/p>\n","protected":false},"author":1,"featured_media":0,"parent":0,"menu_order":2,"comment_status":"open","ping_status":"closed","template":"","meta":{"_acf_changed":false,"footnotes":""},"class_list":["post-1567","page","type-page","status-publish","hentry"],"acf":[],"_links":{"self":[{"href":"https:\/\/www.credel.fr\/index.php?rest_route=\/wp\/v2\/pages\/1567","targetHints":{"allow":["GET"]}}],"collection":[{"href":"https:\/\/www.credel.fr\/index.php?rest_route=\/wp\/v2\/pages"}],"about":[{"href":"https:\/\/www.credel.fr\/index.php?rest_route=\/wp\/v2\/types\/page"}],"author":[{"embeddable":true,"href":"https:\/\/www.credel.fr\/index.php?rest_route=\/wp\/v2\/users\/1"}],"replies":[{"embeddable":true,"href":"https:\/\/www.credel.fr\/index.php?rest_route=%2Fwp%2Fv2%2Fcomments&post=1567"}],"version-history":[{"count":24,"href":"https:\/\/www.credel.fr\/index.php?rest_route=\/wp\/v2\/pages\/1567\/revisions"}],"predecessor-version":[{"id":1600,"href":"https:\/\/www.credel.fr\/index.php?rest_route=\/wp\/v2\/pages\/1567\/revisions\/1600"}],"wp:attachment":[{"href":"https:\/\/www.credel.fr\/index.php?rest_route=%2Fwp%2Fv2%2Fmedia&parent=1567"}],"curies":[{"name":"wp","href":"https:\/\/api.w.org\/{rel}","templated":true}]}}